
{"id":226158,"date":"2020-01-07T16:36:39","date_gmt":"2020-01-07T15:36:39","guid":{"rendered":"https:\/\/www.cinevox.be\/comment-ca-marche\/"},"modified":"2020-05-06T12:24:41","modified_gmt":"2020-05-06T10:24:41","slug":"hoe-werkt-het","status":"publish","type":"page","link":"https:\/\/w-l-c.be\/nl\/hoe-werkt-het\/","title":{"rendered":"CINEWISH, hoe werkt het?"},"content":{"rendered":"<h3>Cinewish doet je wildste (cinema)dromen uitkomen!<\/h3>\n<p>Cinewish is voor iedereen die houdt van Belgische cinema en niet vies is van een exclusief evenement of een fantastisch cadeau. Cinewish biedt werkelijk \u00e9lke bioscoopfan kansen om volop te genieten van onze Belgische cinema.<\/p>\n<div>\n<p><iframe loading=\"lazy\" title=\"Cinewish by CINEVOX Hoe werkt Cinewish?\" width=\"618\" height=\"348\" src=\"https:\/\/www.youtube.com\/embed\/QX_mq-MEVL8?feature=oembed\" frameborder=\"0\" allow=\"accelerometer; autoplay; clipboard-write; encrypted-media; gyroscope; picture-in-picture; web-share\" referrerpolicy=\"strict-origin-when-cross-origin\" allowfullscreen><\/iframe><\/p>\n<p><strong>Zo\u2019n Cinewish, hoe werkt dat in de praktijk?<\/strong><\/p>\n<p>Wel, alles begint met je profiel. Om je kandidaat te stellen voor je eerste Cinewish moet je een profiel aanmaken. Op die manier word je lid van een cool clubje cinemaliefhebbers en maak je kans op toegang tot exclusieve events, fijne cadeaus en veel meer.<\/p>\n<p>Oh, en lid worden is supergemakkelijk: schrijf je gewoon in voor \u00e9\u00e9n van de actieve Cinewishes en geef daarbij je mailadres en een wachtwoord op. That\u2019s it. Eenmaal ingeschreven kan je je makkelijk kandidaat stellen voor meerdere Cinewishes. Leuke extra: je ziet bij elke Cinewish meteen hoeveel kans je hebt om die Wish effectief in de wacht te slepen.<\/p>\n<p>&nbsp;<\/p>\n<p><strong>Maar opgelet: Cinewish is niet helemaal gratis.<\/strong><\/p>\n<p>Nee, geen zorg, we gaan je geen fortuinen aanrekenen, we vragen gewoon per bevestigde Cinewish een bijdrage van 1 (lees: \u00e9\u00e9n) euro, en da\u2019s dan nog niet eens voor onszelf. Je betaalt dus enkel als je wens ook effectief uitkomt. Niks te verliezen dus!<\/p>\n<p>&nbsp;<\/p>\n<p><strong>E\u00e9n euro voor een h\u00e9\u00e9l goed doel.<\/strong><\/p>\n<p>Cinewish is voor \u00e9chte filmfans, en filmfans steunen de Belgische cinemawereld en dan zeker ook de Cinematek. Cinematek, de Koninklijke Cinematheek, is de enige ontvanger van jouw euro. En die euro zal worden gebruikt om alle Cinematek projecten te ondersteunen: bewaren van de huidige collectie, aquisitie van nieuw materiaal en restaureren van filmrollen. Want dat kost allemaal een hoop geld en met subsidies alleen lukt het niet om ons kostbare cinema-erfgoed te beschermen. Wij van Cinevox zijn u dus nu al uiterst dankbaar!<\/p>\n<p>&nbsp;<\/p>\n<div class=\"e3lan home-e3lan\"><span style=\"text-align: center; text-transform: uppercase; font-weight: bold;\"><a class=\"button\" style=\"color: #fff;\" href=\" \/nl\/uw-cinewishes\/\" target=\"_self\" rel=\"noopener noreferrer\">AL UW CINEWISHES<\/a><\/span><\/div>\n<div>&nbsp;<\/div>\n<p><a href=\"http:\/\/cinematek.be\/?node=15&amp;lng=nl\" target=\"_blank\" rel=\"noopener noreferrer\">Meer over Cinematek<\/a>&nbsp;<\/p>\n<\/div>\n","protected":false},"excerpt":{"rendered":"<p>Cinewish doet je wildste (cinema)dromen uitkomen! Cinewish is voor iedereen die houdt van Belgische cinema en niet vies is van een exclusief evenement of een fantastisch cadeau. Cinewish biedt werkelijk \u00e9lke bioscoopfan kansen om volop te genieten van onze Belgische cinema. Zo\u2019n Cinewish, hoe werkt dat in de praktijk? Wel, alles begint met je profiel. &hellip;<\/p>\n","protected":false},"author":339,"featured_media":0,"parent":0,"menu_order":0,"comment_status":"closed","ping_status":"closed","template":"","meta":{"ngg_post_thumbnail":0,"footnotes":""},"class_list":["post-226158","page","type-page","status-publish",""],"yoast_head":"<!-- This site is optimized with the Yoast SEO plugin v20.4 - https:\/\/yoast.com\/wordpress\/plugins\/seo\/ -->\n<title>CINEWISH, hoe werkt het? - w-l-c<\/title>\n<meta name=\"robots\" content=\"noindex, follow, max-snippet:-1, max-image-preview:large, max-video-preview:-1\" \/>\n<meta property=\"og:locale\" content=\"nl_NL\" \/>\n<meta property=\"og:type\" content=\"article\" \/>\n<meta property=\"og:title\" content=\"CINEWISH, hoe werkt het? - w-l-c\" \/>\n<meta property=\"og:description\" content=\"Cinewish doet je wildste (cinema)dromen uitkomen! Cinewish is voor iedereen die houdt van Belgische cinema en niet vies is van een exclusief evenement of een fantastisch cadeau. Cinewish biedt werkelijk \u00e9lke bioscoopfan kansen om volop te genieten van onze Belgische cinema. Zo\u2019n Cinewish, hoe werkt dat in de praktijk? Wel, alles begint met je profiel. &hellip;\" \/>\n<meta property=\"og:url\" content=\"https:\/\/w-l-c.be\/nl\/hoe-werkt-het\/\" \/>\n<meta property=\"og:site_name\" content=\"w-l-c\" \/>\n<meta property=\"article:modified_time\" content=\"2020-05-06T10:24:41+00:00\" \/>\n<meta name=\"twitter:card\" content=\"summary_large_image\" \/>\n<meta name=\"twitter:label1\" content=\"Geschatte leestijd\" \/>\n\t<meta name=\"twitter:data1\" content=\"2 minuten\" \/>\n<script type=\"application\/ld+json\" class=\"yoast-schema-graph\">{\"@context\":\"https:\/\/schema.org\",\"@graph\":[{\"@type\":\"WebPage\",\"@id\":\"https:\/\/w-l-c.be\/nl\/hoe-werkt-het\/\",\"url\":\"https:\/\/w-l-c.be\/nl\/hoe-werkt-het\/\",\"name\":\"CINEWISH, hoe werkt het? - w-l-c\",\"isPartOf\":{\"@id\":\"https:\/\/w-l-c.be\/fr\/#website\"},\"datePublished\":\"2020-01-07T15:36:39+00:00\",\"dateModified\":\"2020-05-06T10:24:41+00:00\",\"breadcrumb\":{\"@id\":\"https:\/\/w-l-c.be\/nl\/hoe-werkt-het\/#breadcrumb\"},\"inLanguage\":\"nl-NL\",\"potentialAction\":[{\"@type\":\"ReadAction\",\"target\":[\"https:\/\/w-l-c.be\/nl\/hoe-werkt-het\/\"]}]},{\"@type\":\"BreadcrumbList\",\"@id\":\"https:\/\/w-l-c.be\/nl\/hoe-werkt-het\/#breadcrumb\",\"itemListElement\":[{\"@type\":\"ListItem\",\"position\":1,\"name\":\"Accueil\",\"item\":\"https:\/\/w-l-c.be\/nl\/\"},{\"@type\":\"ListItem\",\"position\":2,\"name\":\"CINEWISH, hoe werkt het?\"}]},{\"@type\":\"WebSite\",\"@id\":\"https:\/\/w-l-c.be\/fr\/#website\",\"url\":\"https:\/\/w-l-c.be\/fr\/\",\"name\":\"w-l-c\",\"description\":\"Le cin\u00e9ma vu par les belges\",\"potentialAction\":[{\"@type\":\"SearchAction\",\"target\":{\"@type\":\"EntryPoint\",\"urlTemplate\":\"https:\/\/w-l-c.be\/fr\/?s={search_term_string}\"},\"query-input\":\"required name=search_term_string\"}],\"inLanguage\":\"nl-NL\"}]}<\/script>\n<!-- \/ Yoast SEO plugin. -->","yoast_head_json":{"title":"CINEWISH, hoe werkt het? - w-l-c","robots":{"index":"noindex","follow":"follow","max-snippet":"max-snippet:-1","max-image-preview":"max-image-preview:large","max-video-preview":"max-video-preview:-1"},"og_locale":"nl_NL","og_type":"article","og_title":"CINEWISH, hoe werkt het? - w-l-c","og_description":"Cinewish doet je wildste (cinema)dromen uitkomen! Cinewish is voor iedereen die houdt van Belgische cinema en niet vies is van een exclusief evenement of een fantastisch cadeau. Cinewish biedt werkelijk \u00e9lke bioscoopfan kansen om volop te genieten van onze Belgische cinema. Zo\u2019n Cinewish, hoe werkt dat in de praktijk? Wel, alles begint met je profiel. &hellip;","og_url":"https:\/\/w-l-c.be\/nl\/hoe-werkt-het\/","og_site_name":"w-l-c","article_modified_time":"2020-05-06T10:24:41+00:00","twitter_card":"summary_large_image","twitter_misc":{"Geschatte leestijd":"2 minuten"},"schema":{"@context":"https:\/\/schema.org","@graph":[{"@type":"WebPage","@id":"https:\/\/w-l-c.be\/nl\/hoe-werkt-het\/","url":"https:\/\/w-l-c.be\/nl\/hoe-werkt-het\/","name":"CINEWISH, hoe werkt het? - w-l-c","isPartOf":{"@id":"https:\/\/w-l-c.be\/fr\/#website"},"datePublished":"2020-01-07T15:36:39+00:00","dateModified":"2020-05-06T10:24:41+00:00","breadcrumb":{"@id":"https:\/\/w-l-c.be\/nl\/hoe-werkt-het\/#breadcrumb"},"inLanguage":"nl-NL","potentialAction":[{"@type":"ReadAction","target":["https:\/\/w-l-c.be\/nl\/hoe-werkt-het\/"]}]},{"@type":"BreadcrumbList","@id":"https:\/\/w-l-c.be\/nl\/hoe-werkt-het\/#breadcrumb","itemListElement":[{"@type":"ListItem","position":1,"name":"Accueil","item":"https:\/\/w-l-c.be\/nl\/"},{"@type":"ListItem","position":2,"name":"CINEWISH, hoe werkt het?"}]},{"@type":"WebSite","@id":"https:\/\/w-l-c.be\/fr\/#website","url":"https:\/\/w-l-c.be\/fr\/","name":"w-l-c","description":"Le cin\u00e9ma vu par les belges","potentialAction":[{"@type":"SearchAction","target":{"@type":"EntryPoint","urlTemplate":"https:\/\/w-l-c.be\/fr\/?s={search_term_string}"},"query-input":"required name=search_term_string"}],"inLanguage":"nl-NL"}]}},"_links":{"self":[{"href":"https:\/\/w-l-c.be\/nl\/wp-json\/wp\/v2\/pages\/226158","targetHints":{"allow":["GET"]}}],"collection":[{"href":"https:\/\/w-l-c.be\/nl\/wp-json\/wp\/v2\/pages"}],"about":[{"href":"https:\/\/w-l-c.be\/nl\/wp-json\/wp\/v2\/types\/page"}],"author":[{"embeddable":true,"href":"https:\/\/w-l-c.be\/nl\/wp-json\/wp\/v2\/users\/339"}],"replies":[{"embeddable":true,"href":"https:\/\/w-l-c.be\/nl\/wp-json\/wp\/v2\/comments?post=226158"}],"version-history":[{"count":0,"href":"https:\/\/w-l-c.be\/nl\/wp-json\/wp\/v2\/pages\/226158\/revisions"}],"wp:attachment":[{"href":"https:\/\/w-l-c.be\/nl\/wp-json\/wp\/v2\/media?parent=226158"}],"curies":[{"name":"wp","href":"https:\/\/api.w.org\/{rel}","templated":true}]}}